{"id":17,"date":"2024-03-05T08:13:45","date_gmt":"2024-03-05T07:13:45","guid":{"rendered":"https:\/\/blendend.eu\/promo\/?page_id=17"},"modified":"2026-03-15T14:11:10","modified_gmt":"2026-03-15T13:11:10","slug":"startseite","status":"publish","type":"page","link":"https:\/\/blendend.eu\/promo\/","title":{"rendered":"Startseite"},"content":{"rendered":"\n<div class=\"wp-block-cover alignfull is-light hestia-clear-top-padding\"><span aria-hidden=\"true\" class=\"wp-block-cover__background has-white-background-color has-background-dim-100 has-background-dim\"><\/span><div class=\"wp-block-cover__inner-container is-layout-flow wp-block-cover-is-layout-flow\">\n<ul class=\"wp-block-social-links aligncenter has-normal-icon-size has-icon-background-color is-layout-flex wp-block-social-links-is-layout-flex\"><li style=\"background-color:#000000;\" class=\"wp-social-link wp-social-link-instagram has-black-background-color wp-block-social-link\"><a rel=\"noopener nofollow\" target=\"_blank\" href=\"https:\/\/www.instagram.com\/blendendberlin\/\" class=\"wp-block-social-link-anchor\"><svg width=\"24\" height=\"24\" viewBox=\"0 0 24 24\" version=\"1.1\" xmlns=\"http:\/\/www.w3.org\/2000\/svg\" aria-hidden=\"true\" focusable=\"false\"><path d=\"M12,4.622c2.403,0,2.688,0.009,3.637,0.052c0.877,0.04,1.354,0.187,1.671,0.31c0.42,0.163,0.72,0.358,1.035,0.673 c0.315,0.315,0.51,0.615,0.673,1.035c0.123,0.317,0.27,0.794,0.31,1.671c0.043,0.949,0.052,1.234,0.052,3.637 s-0.009,2.688-0.052,3.637c-0.04,0.877-0.187,1.354-0.31,1.671c-0.163,0.42-0.358,0.72-0.673,1.035 c-0.315,0.315-0.615,0.51-1.035,0.673c-0.317,0.123-0.794,0.27-1.671,0.31c-0.949,0.043-1.233,0.052-3.637,0.052 s-2.688-0.009-3.637-0.052c-0.877-0.04-1.354-0.187-1.671-0.31c-0.42-0.163-0.72-0.358-1.035-0.673 c-0.315-0.315-0.51-0.615-0.673-1.035c-0.123-0.317-0.27-0.794-0.31-1.671C4.631,14.688,4.622,14.403,4.622,12 s0.009-2.688,0.052-3.637c0.04-0.877,0.187-1.354,0.31-1.671c0.163-0.42,0.358-0.72,0.673-1.035 c0.315-0.315,0.615-0.51,1.035-0.673c0.317-0.123,0.794-0.27,1.671-0.31C9.312,4.631,9.597,4.622,12,4.622 M12,3 C9.556,3,9.249,3.01,8.289,3.054C7.331,3.098,6.677,3.25,6.105,3.472C5.513,3.702,5.011,4.01,4.511,4.511 c-0.5,0.5-0.808,1.002-1.038,1.594C3.25,6.677,3.098,7.331,3.054,8.289C3.01,9.249,3,9.556,3,12c0,2.444,0.01,2.751,0.054,3.711 c0.044,0.958,0.196,1.612,0.418,2.185c0.23,0.592,0.538,1.094,1.038,1.594c0.5,0.5,1.002,0.808,1.594,1.038 c0.572,0.222,1.227,0.375,2.185,0.418C9.249,20.99,9.556,21,12,21s2.751-0.01,3.711-0.054c0.958-0.044,1.612-0.196,2.185-0.418 c0.592-0.23,1.094-0.538,1.594-1.038c0.5-0.5,0.808-1.002,1.038-1.594c0.222-0.572,0.375-1.227,0.418-2.185 C20.99,14.751,21,14.444,21,12s-0.01-2.751-0.054-3.711c-0.044-0.958-0.196-1.612-0.418-2.185c-0.23-0.592-0.538-1.094-1.038-1.594 c-0.5-0.5-1.002-0.808-1.594-1.038c-0.572-0.222-1.227-0.375-2.185-0.418C14.751,3.01,14.444,3,12,3L12,3z M12,7.378 c-2.552,0-4.622,2.069-4.622,4.622S9.448,16.622,12,16.622s4.622-2.069,4.622-4.622S14.552,7.378,12,7.378z M12,15 c-1.657,0-3-1.343-3-3s1.343-3,3-3s3,1.343,3,3S13.657,15,12,15z M16.804,6.116c-0.596,0-1.08,0.484-1.08,1.08 s0.484,1.08,1.08,1.08c0.596,0,1.08-0.484,1.08-1.08S17.401,6.116,16.804,6.116z\"><\/path><\/svg><span class=\"wp-block-social-link-label screen-reader-text\">Blendend auf Instagram<\/span><\/a><\/li>\n\n<li style=\"background-color:#000000;\" class=\"wp-social-link wp-social-link-facebook has-black-background-color wp-block-social-link\"><a rel=\"noopener nofollow\" target=\"_blank\" href=\"https:\/\/www.facebook.com\/blendend\/\" class=\"wp-block-social-link-anchor\"><svg width=\"24\" height=\"24\" viewBox=\"0 0 24 24\" version=\"1.1\" xmlns=\"http:\/\/www.w3.org\/2000\/svg\" aria-hidden=\"true\" focusable=\"false\"><path d=\"M12 2C6.5 2 2 6.5 2 12c0 5 3.7 9.1 8.4 9.9v-7H7.9V12h2.5V9.8c0-2.5 1.5-3.9 3.8-3.9 1.1 0 2.2.2 2.2.2v2.5h-1.3c-1.2 0-1.6.8-1.6 1.6V12h2.8l-.4 2.9h-2.3v7C18.3 21.1 22 17 22 12c0-5.5-4.5-10-10-10z\"><\/path><\/svg><span class=\"wp-block-social-link-label screen-reader-text\">Blendend auf Facebook<\/span><\/a><\/li>\n\n<li style=\"background-color:#000000;\" class=\"wp-social-link wp-social-link-spotify has-black-background-color wp-block-social-link\"><a rel=\"noopener nofollow\" target=\"_blank\" href=\"https:\/\/open.spotify.com\/intl-de\/artist\/70tf9lQMb8EBe7Ow6U2eSN?si=P8SG-ZYHThivR3ecTcEy-A\" class=\"wp-block-social-link-anchor\"><svg width=\"24\" height=\"24\" viewBox=\"0 0 24 24\" version=\"1.1\" xmlns=\"http:\/\/www.w3.org\/2000\/svg\" aria-hidden=\"true\" focusable=\"false\"><path d=\"M12,2C6.477,2,2,6.477,2,12c0,5.523,4.477,10,10,10c5.523,0,10-4.477,10-10C22,6.477,17.523,2,12,2 M16.586,16.424 c-0.18,0.295-0.563,0.387-0.857,0.207c-2.348-1.435-5.304-1.76-8.785-0.964c-0.335,0.077-0.67-0.133-0.746-0.469 c-0.077-0.335,0.132-0.67,0.469-0.746c3.809-0.871,7.077-0.496,9.713,1.115C16.673,15.746,16.766,16.13,16.586,16.424 M17.81,13.7 c-0.226,0.367-0.706,0.482-1.072,0.257c-2.687-1.652-6.785-2.131-9.965-1.166C6.36,12.917,5.925,12.684,5.8,12.273 C5.675,11.86,5.908,11.425,6.32,11.3c3.632-1.102,8.147-0.568,11.234,1.328C17.92,12.854,18.035,13.335,17.81,13.7 M17.915,10.865 c-3.223-1.914-8.54-2.09-11.618-1.156C5.804,9.859,5.281,9.58,5.131,9.086C4.982,8.591,5.26,8.069,5.755,7.919 c3.532-1.072,9.404-0.865,13.115,1.338c0.445,0.264,0.59,0.838,0.327,1.282C18.933,10.983,18.359,11.129,17.915,10.865\"><\/path><\/svg><span class=\"wp-block-social-link-label screen-reader-text\">Blendend auf Spotify<\/span><\/a><\/li>\n\n<li style=\"background-color:#000000;\" class=\"wp-social-link wp-social-link-youtube has-black-background-color wp-block-social-link\"><a rel=\"https:\/\/www.youtube.com\/@blendendberlin noopener nofollow\" target=\"_blank\" href=\"https:\/\/www.youtube.com\/@blendendberlin\" class=\"wp-block-social-link-anchor\"><svg width=\"24\" height=\"24\" viewBox=\"0 0 24 24\" version=\"1.1\" xmlns=\"http:\/\/www.w3.org\/2000\/svg\" aria-hidden=\"true\" focusable=\"false\"><path d=\"M21.8,8.001c0,0-0.195-1.378-0.795-1.985c-0.76-0.797-1.613-0.801-2.004-0.847c-2.799-0.202-6.997-0.202-6.997-0.202 h-0.009c0,0-4.198,0-6.997,0.202C4.608,5.216,3.756,5.22,2.995,6.016C2.395,6.623,2.2,8.001,2.2,8.001S2,9.62,2,11.238v1.517 c0,1.618,0.2,3.237,0.2,3.237s0.195,1.378,0.795,1.985c0.761,0.797,1.76,0.771,2.205,0.855c1.6,0.153,6.8,0.201,6.8,0.201 s4.203-0.006,7.001-0.209c0.391-0.047,1.243-0.051,2.004-0.847c0.6-0.607,0.795-1.985,0.795-1.985s0.2-1.618,0.2-3.237v-1.517 C22,9.62,21.8,8.001,21.8,8.001z M9.935,14.594l-0.001-5.62l5.404,2.82L9.935,14.594z\"><\/path><\/svg><span class=\"wp-block-social-link-label screen-reader-text\">Blendend auf Youtube<\/span><\/a><\/li><\/ul>\n\n\n\n<div class=\"wp-block-columns is-layout-flex wp-container-core-columns-is-layout-9d6595d7 wp-block-columns-is-layout-flex\">\n<div class=\"wp-block-column is-layout-flow wp-block-column-is-layout-flow\" style=\"flex-basis:25%\"><\/div>\n\n\n\n<div class=\"wp-block-column is-layout-flow wp-block-column-is-layout-flow\" style=\"flex-basis:50%\">\n<h2 class=\"wp-block-heading has-text-align-center\">Neue Single<\/h2>\n\n\n\n<p align=\"center\"><iframe style=\"border: 0; width: 350px; height: 442px;\" src=\"https:\/\/bandcamp.com\/EmbeddedPlayer\/track=2502639409\/size=large\/bgcol=ffffff\/linkcol=0687f5\/tracklist=false\/transparent=true\/\" seamless><a href=\"https:\/\/blendend.bandcamp.com\/track\/bist-du-bereit-2\">Bist Du bereit by Blendend<\/a><\/iframe><\/p>\n\n\n\n<h3 class=\"wp-block-heading has-text-align-center\">Bist Du bereit<\/h3>\n\n\n\n<p class=\"has-text-align-center\"><em>Single (digital, moanin<\/em>&#8218;, <em>27.03.2026)<br><\/em>-&gt; als <a href=\"https:\/\/blendend.bandcamp.com\/track\/bist-du-bereit-2?action=download&amp;from=embed\" target=\"_blank\" rel=\"noreferrer noopener\">wav\/flac\/mp3<\/a> herunterladen<br>-&gt; <a href=\"https:\/\/blendend.eu\/promo\/wp-content\/uploads\/2026\/03\/Blendend_Bistdubereit_DC-scaled.jpg\" data-type=\"attachment\" data-id=\"233\">Cover<\/a> herunterladen<\/p>\n<\/div>\n\n\n\n<div class=\"wp-block-column is-layout-flow wp-block-column-is-layout-flow\" style=\"flex-basis:25%\"><\/div>\n<\/div>\n\n\n\n<h2 class=\"wp-block-heading has-text-align-center has-text-color\" style=\"color:#3c4858\">Fotos<\/h2>\n\n\n\n<div class=\"wp-block-columns container is-layout-flex wp-container-core-columns-is-layout-9d6595d7 wp-block-columns-is-layout-flex\">\n<div class=\"wp-block-column is-layout-flow wp-block-column-is-layout-flow\"><div class=\"wp-block-image\">\n<figure class=\"aligncenter size-large\"><a href=\"https:\/\/blendend.eu\/promo\/wp-content\/uploads\/2024\/11\/P6165829-2-scaled.jpg\"><img loading=\"lazy\" decoding=\"async\" width=\"1024\" height=\"768\" src=\"https:\/\/blendend.eu\/promo\/wp-content\/uploads\/2024\/11\/P6165829-2-1024x768.jpg\" alt=\"\" class=\"wp-image-119\" srcset=\"https:\/\/blendend.eu\/promo\/wp-content\/uploads\/2024\/11\/P6165829-2-1024x768.jpg 1024w, https:\/\/blendend.eu\/promo\/wp-content\/uploads\/2024\/11\/P6165829-2-300x225.jpg 300w, https:\/\/blendend.eu\/promo\/wp-content\/uploads\/2024\/11\/P6165829-2-768x576.jpg 768w, https:\/\/blendend.eu\/promo\/wp-content\/uploads\/2024\/11\/P6165829-2-1536x1152.jpg 1536w, https:\/\/blendend.eu\/promo\/wp-content\/uploads\/2024\/11\/P6165829-2-2048x1536.jpg 2048w\" sizes=\"auto, (max-width: 1024px) 100vw, 1024px\" \/><\/a><\/figure>\n<\/div>\n\n\n<p class=\"has-text-align-center has-text-color\" style=\"color:#999999;font-size:14px\">Foto: Fabian Streich<\/p>\n<\/div>\n\n\n\n<div class=\"wp-block-column is-layout-flow wp-block-column-is-layout-flow\"><div class=\"wp-block-image\">\n<figure class=\"aligncenter size-large\"><a href=\"https:\/\/blendend.eu\/promo\/wp-content\/uploads\/2024\/11\/IMG_4281_jpg-scaled.jpg\"><img loading=\"lazy\" decoding=\"async\" width=\"1024\" height=\"768\" src=\"https:\/\/blendend.eu\/promo\/wp-content\/uploads\/2024\/11\/IMG_4281_jpg-1024x768.jpg\" alt=\"\" class=\"wp-image-121\" srcset=\"https:\/\/blendend.eu\/promo\/wp-content\/uploads\/2024\/11\/IMG_4281_jpg-1024x768.jpg 1024w, https:\/\/blendend.eu\/promo\/wp-content\/uploads\/2024\/11\/IMG_4281_jpg-300x225.jpg 300w, https:\/\/blendend.eu\/promo\/wp-content\/uploads\/2024\/11\/IMG_4281_jpg-768x576.jpg 768w, https:\/\/blendend.eu\/promo\/wp-content\/uploads\/2024\/11\/IMG_4281_jpg-1536x1152.jpg 1536w, https:\/\/blendend.eu\/promo\/wp-content\/uploads\/2024\/11\/IMG_4281_jpg-2048x1536.jpg 2048w\" sizes=\"auto, (max-width: 1024px) 100vw, 1024px\" \/><\/a><\/figure>\n<\/div>\n\n\n<p class=\"has-text-align-center has-text-color\" style=\"color:#999999;font-size:14px\">Foto: Fabian Streich<\/p>\n\n\n\n<div style=\"height:25px\" aria-hidden=\"true\" class=\"wp-block-spacer\"><\/div>\n<\/div>\n\n\n\n<div class=\"wp-block-column is-layout-flow wp-block-column-is-layout-flow\"><div class=\"wp-block-image\">\n<figure class=\"aligncenter size-large\"><a href=\"https:\/\/blendend.eu\/promo\/wp-content\/uploads\/2024\/11\/P6165953-scaled.jpg\"><img loading=\"lazy\" decoding=\"async\" width=\"1024\" height=\"683\" src=\"https:\/\/blendend.eu\/promo\/wp-content\/uploads\/2024\/11\/P6165953-1024x683.jpg\" alt=\"\" class=\"wp-image-122\" srcset=\"https:\/\/blendend.eu\/promo\/wp-content\/uploads\/2024\/11\/P6165953-1024x683.jpg 1024w, https:\/\/blendend.eu\/promo\/wp-content\/uploads\/2024\/11\/P6165953-300x200.jpg 300w, https:\/\/blendend.eu\/promo\/wp-content\/uploads\/2024\/11\/P6165953-768x512.jpg 768w, https:\/\/blendend.eu\/promo\/wp-content\/uploads\/2024\/11\/P6165953-1536x1024.jpg 1536w, https:\/\/blendend.eu\/promo\/wp-content\/uploads\/2024\/11\/P6165953-2048x1365.jpg 2048w, https:\/\/blendend.eu\/promo\/wp-content\/uploads\/2024\/11\/P6165953-360x240.jpg 360w\" sizes=\"auto, (max-width: 1024px) 100vw, 1024px\" \/><\/a><\/figure>\n<\/div>\n\n\n<p class=\"has-text-align-center has-text-color\" style=\"color:#999999;font-size:14px\">Foto: Fabian Streich<\/p>\n\n\n\n<div style=\"height:25px\" aria-hidden=\"true\" class=\"wp-block-spacer\"><\/div>\n<\/div>\n<\/div>\n\n\n\n<div class=\"wp-block-columns is-layout-flex wp-container-core-columns-is-layout-9d6595d7 wp-block-columns-is-layout-flex\">\n<div class=\"wp-block-column is-layout-flow wp-block-column-is-layout-flow\" style=\"flex-basis:25%\"><\/div>\n\n\n\n<div class=\"wp-block-column is-layout-flow wp-block-column-is-layout-flow\" style=\"flex-basis:50%\">\n<h2 class=\"wp-block-heading has-text-align-center\">Video<\/h2>\n\n\n\n<p align=\"center\"><iframe loading=\"lazy\" width=\"560\" height=\"315\" src=\"https:\/\/www.youtube.com\/embed\/videoseries?si=ouMfkAfkIesbPJA6&amp;list=PLZ9i40iV0GAdx6AyksXiIe4WL7Jm2ocdk\" title=\"YouTube video player\" frameborder=\"0\" allow=\"accelerometer; autoplay; clipboard-write; encrypted-media; gyroscope; picture-in-picture; web-share\" referrerpolicy=\"strict-origin-when-cross-origin\" allowfullscreen><\/iframe><\/p>\n\n\n\n<h2 class=\"wp-block-heading has-text-align-center\">Bandinfo<\/h2>\n\n\n\n<p class=\"has-text-align-center\">Die Berliner Band&nbsp;<strong>Blendend<\/strong>&nbsp;sind Elektro im Kopp mit Skills f\u00fcr Funk und Willen zum Drum &amp; Bass, um Charts zu ignorieren, B\u00fchnen zu st\u00fcrmen. Glaubenskrieger \u2013 alles oder nichts.<\/p>\n\n\n\n<p class=\"has-text-align-center\">Handgemachter Clubsound mit Hang zum House. In seinen Texten erz\u00e4hlt S\u00e4nger Wilhelm Friedrich von und zu Hohen Neuk\u00f6lln vom allt\u00e4glichen Wahnsinn \u2013 und zwar auf Deutsch.<\/p>\n\n\n\n<p class=\"has-text-align-center\">Am 27. M\u00e4rz 2026 erscheint die Single &#8222;Bist Du bereit&#8220;. Am 2. April 2026 folgt die Single &#8222;Zwei Schritt vor (aber nur einen zur\u00fcck)&#8220;.<\/p>\n\n\n\n<p class=\"has-text-align-center\">2025 ist die Langspielplatte \u201eKeine neuen Lieder\u201c von Blendend als\u00a0<a href=\"https:\/\/blendend.bandcamp.com\/album\/keine-neuen-lieder\">Vinyl<\/a>\u00a0und im\u00a0<a href=\"https:\/\/songwhip.com\/blendend\/keine-neuen-lieder\">Stream<\/a>\u00a0bei\u00a0<a href=\"https:\/\/blendend.eu\/https.\/\/www.moanin.de\">moanin\u2018<\/a>\u00a0erschienen und wurde mit einer fulminanten Record Release Party im Gr\u00fcnen Salon der Berliner\u00a0<a href=\"https:\/\/www.instagram.com\/stories\/highlights\/17883887030448307\/\">Volksb\u00fchne<\/a>\u00a0vorgestellt.<\/p>\n\n\n\n<p class=\"has-text-align-center\">2014 erschien die Single&nbsp;<a href=\"https:\/\/blendend.bandcamp.com\/album\/neida\">\u201eNeidA\u201c<\/a>&nbsp;mit profunder Sozialkritik und hei\u00dfen Beats auf einer 7inch-Vinylscheibe. Das dazugeh\u00f6rige Video entstand direkt live und unverf\u00e4lscht vor Neuk\u00f6llner Wohnungst\u00fcren:&nbsp;<a href=\"https:\/\/youtu.be\/U9XbJAwAfvI\">Youtube<\/a><\/p>\n\n\n\n<p class=\"has-text-align-center\">Wilhelm Friedrich von und zu Hohen Neuk\u00f6lln erwarb seinen musikalischen Ritterschlag unter dem Namen Willie Ocean als Frontmann bei der Berliner Ska-Legende The Special Guests. Dort stammt auch Gitarrist Christoph Becker her. Dessen musikalische Vita schm\u00fccken au\u00dferdem so fantastische Stationen wie Wood In Di Fire, Engine54 und Aushilfen bei Roy Ellis und The Skatalites. Allein ist er auch als Solo Singer Songwriter Becker unterwegs. Schlagzeuger Daniel Weist kann gut Schlagzeug spielen und programmiert f\u00fcr Blendend die meisten Synths.<\/p>\n\n\n\n<h2 class=\"wp-block-heading has-text-align-center\">Termine<\/h2>\n\n\n\n<a href=\"https:\/\/www.songkick.com\/artists\/5347058\" class=\"songkick-widget\" data-theme=\"light\" data-track-button=\"off\" data-detect-style=\"off\" data-background-color=\"rgb(255,255,255,1)\" data-font-color=\"rgb(0,0,0,1)\" data-button-bg-color=\"rgb(0,0,0,1)\" data-button-text-color=\"rgb(255,255,255,1)\" data-locale=\"de\" data-other-artists=\"off\" data-share-button=\"off\" data-country-filter=\"off\" data-rsvp=\"off\" data-request-show=\"off\" data-past-events=\"off\" data-past-events-offtour=\"off\" data-remind-me=\"off\" style=\"display: none;\"><\/a><script src='\/\/widget-app.songkick.com\/injector\/5347058'><\/script>\n\n\n\n<div style=\"height:100px\" aria-hidden=\"true\" class=\"wp-block-spacer\"><\/div>\n\n\n\n<h2 class=\"wp-block-heading has-text-align-center\">Kontakt<\/h2>\n\n\n\n<p class=\"has-text-align-center\">Christoph Becker<br>+49 171 9069571<br>christoph@blendend.eu<\/p>\n<\/div>\n\n\n\n<div class=\"wp-block-column is-layout-flow wp-block-column-is-layout-flow\" style=\"flex-basis:25%\"><\/div>\n<\/div>\n<\/div><\/div>\n","protected":false},"excerpt":{"rendered":"","protected":false},"author":1,"featured_media":0,"parent":0,"menu_order":0,"comment_status":"closed","ping_status":"closed","template":"","meta":{"footnotes":""},"class_list":["post-17","page","type-page","status-publish","hentry"],"_links":{"self":[{"href":"https:\/\/blendend.eu\/promo\/wp-json\/wp\/v2\/pages\/17","targetHints":{"allow":["GET"]}}],"collection":[{"href":"https:\/\/blendend.eu\/promo\/wp-json\/wp\/v2\/pages"}],"about":[{"href":"https:\/\/blendend.eu\/promo\/wp-json\/wp\/v2\/types\/page"}],"author":[{"embeddable":true,"href":"https:\/\/blendend.eu\/promo\/wp-json\/wp\/v2\/users\/1"}],"replies":[{"embeddable":true,"href":"https:\/\/blendend.eu\/promo\/wp-json\/wp\/v2\/comments?post=17"}],"version-history":[{"count":9,"href":"https:\/\/blendend.eu\/promo\/wp-json\/wp\/v2\/pages\/17\/revisions"}],"predecessor-version":[{"id":252,"href":"https:\/\/blendend.eu\/promo\/wp-json\/wp\/v2\/pages\/17\/revisions\/252"}],"wp:attachment":[{"href":"https:\/\/blendend.eu\/promo\/wp-json\/wp\/v2\/media?parent=17"}],"curies":[{"name":"wp","href":"https:\/\/api.w.org\/{rel}","templated":true}]}}